{"id":31,"date":"2026-01-23T19:13:05","date_gmt":"2026-01-23T19:13:05","guid":{"rendered":"https:\/\/acomptaouverte.com\/?page_id=31"},"modified":"2026-02-07T18:14:20","modified_gmt":"2026-02-07T18:14:20","slug":"accueil","status":"publish","type":"page","link":"https:\/\/acomptaouverte.com\/","title":{"rendered":"ACCEUIL"},"content":{"rendered":"\t\t<div data-elementor-type=\"wp-page\" data-elementor-id=\"31\" class=\"elementor elementor-31\">\n\t\t\t\t<div class=\"elementor-element elementor-element-79716d5f e-con-full e-flex e-con e-parent\" data-id=\"79716d5f\" data-element_type=\"container\" id=\"next\">\n\t\t\t\t<div class=\"elementor-element elementor-element-6bba0b6 elementor-widget elementor-widget-heading\" data-id=\"6bba0b6\" data-element_type=\"widget\" data-widget_type=\"heading.default\">\n\t\t\t\t\t<h3 class=\"elementor-heading-title elementor-size-default\">Nos Service <\/h3>\t\t\t\t<\/div>\n\t\t<div class=\"elementor-element elementor-element-1a3c9822 e-con-full e-flex e-con e-child\" data-id=\"1a3c9822\" data-element_type=\"container\">\n\t\t<div class=\"elementor-element elementor-element-338cd473 e-con-full e-flex e-con e-child\" data-id=\"338cd473\" data-element_type=\"container\">\n\t\t\t\t<div class=\"elementor-element elementor-element-3d65c43d elementor-position-top elementor-widget elementor-widget-image-box\" data-id=\"3d65c43d\" data-element_type=\"widget\" data-widget_type=\"image-box.default\">\n\t\t\t\t\t<div class=\"elementor-image-box-wrapper\"><figure class=\"elementor-image-box-img\"><a href=\"#\" tabindex=\"-1\"><img fetchpriority=\"high\" decoding=\"async\" width=\"683\" height=\"600\" src=\"http:\/\/acomptaouverte.com\/wp-content\/uploads\/2026\/01\/Image_Placeholder-about.jpeg\" class=\"elementor-animation-grow attachment-full size-full wp-image-35\" alt=\"\" srcset=\"https:\/\/acomptaouverte.com\/wp-content\/uploads\/2026\/01\/Image_Placeholder-about.jpeg 683w, https:\/\/acomptaouverte.com\/wp-content\/uploads\/2026\/01\/Image_Placeholder-about-300x264.jpeg 300w\" sizes=\"(max-width: 683px) 100vw, 683px\" \/><\/a><\/figure><div class=\"elementor-image-box-content\"><h4 class=\"elementor-image-box-title\"><a href=\"#\">BUSSINES PLAN<\/a><\/h4><p class=\"elementor-image-box-description\">Nous vous accompagnons \u00e0 \u00e9tablir vos bussiness plan<\/p><\/div><\/div>\t\t\t\t<\/div>\n\t\t<div class=\"elementor-element elementor-element-b6c50d3 e-con-full e-flex e-con e-child\" data-id=\"b6c50d3\" data-element_type=\"container\">\n\t\t\t\t<div class=\"elementor-element elementor-element-41eaa8a elementor-widget elementor-widget-button\" data-id=\"41eaa8a\" data-element_type=\"widget\" data-widget_type=\"button.default\">\n\t\t\t\t\t\t\t\t\t\t<a class=\"elementor-button elementor-button-link elementor-size-sm\" href=\"#\">\n\t\t\t\t\t\t<span class=\"elementor-button-content-wrapper\">\n\t\t\t\t\t\t\t\t\t<span class=\"elementor-button-text\">Click here<\/span>\n\t\t\t\t\t<\/span>\n\t\t\t\t\t<\/a>\n\t\t\t\t\t\t\t\t<\/div>\n\t\t\t\t<\/div>\n\t\t\t\t<\/div>\n\t\t<div class=\"elementor-element elementor-element-1b9a010b e-con-full e-flex e-con e-child\" data-id=\"1b9a010b\" data-element_type=\"container\">\n\t\t\t\t<div class=\"elementor-element elementor-element-54ebd8e6 elementor-position-top elementor-widget elementor-widget-image-box\" data-id=\"54ebd8e6\" data-element_type=\"widget\" data-widget_type=\"image-box.default\">\n\t\t\t\t\t<div class=\"elementor-image-box-wrapper\"><figure class=\"elementor-image-box-img\"><a href=\"#\" tabindex=\"-1\"><img fetchpriority=\"high\" decoding=\"async\" width=\"683\" height=\"600\" src=\"http:\/\/acomptaouverte.com\/wp-content\/uploads\/2026\/01\/Image_Placeholder-about.jpeg\" class=\"elementor-animation-grow attachment-full size-full wp-image-35\" alt=\"\" srcset=\"https:\/\/acomptaouverte.com\/wp-content\/uploads\/2026\/01\/Image_Placeholder-about.jpeg 683w, https:\/\/acomptaouverte.com\/wp-content\/uploads\/2026\/01\/Image_Placeholder-about-300x264.jpeg 300w\" sizes=\"(max-width: 683px) 100vw, 683px\" \/><\/a><\/figure><div class=\"elementor-image-box-content\"><h4 class=\"elementor-image-box-title\"><a href=\"#\">RAPPORT DE STAGE <\/a><\/h4><p class=\"elementor-image-box-description\">Ce service vous aider \u00e0 rassembler vos donn\u00e9s et \u00e0 structurer votre rapport de stage <\/p><\/div><\/div>\t\t\t\t<\/div>\n\t\t<div class=\"elementor-element elementor-element-e401ce3 e-con-full e-flex e-con e-child\" data-id=\"e401ce3\" data-element_type=\"container\">\n\t\t\t\t<div class=\"elementor-element elementor-element-542d193 elementor-widget elementor-widget-button\" data-id=\"542d193\" data-element_type=\"widget\" data-widget_type=\"button.default\">\n\t\t\t\t\t\t\t\t\t\t<a class=\"elementor-button elementor-button-link elementor-size-sm\" href=\"#\">\n\t\t\t\t\t\t<span class=\"elementor-button-content-wrapper\">\n\t\t\t\t\t\t\t\t\t<span class=\"elementor-button-text\">Click here<\/span>\n\t\t\t\t\t<\/span>\n\t\t\t\t\t<\/a>\n\t\t\t\t\t\t\t\t<\/div>\n\t\t\t\t<\/div>\n\t\t\t\t<\/div>\n\t\t<div class=\"elementor-element elementor-element-42c71227 e-con-full e-flex e-con e-child\" data-id=\"42c71227\" data-element_type=\"container\">\n\t\t\t\t<div class=\"elementor-element elementor-element-18ea9b08 elementor-position-top elementor-widget elementor-widget-image-box\" data-id=\"18ea9b08\" data-element_type=\"widget\" data-widget_type=\"image-box.default\">\n\t\t\t\t\t<div class=\"elementor-image-box-wrapper\"><figure class=\"elementor-image-box-img\"><a href=\"#\" tabindex=\"-1\"><img fetchpriority=\"high\" decoding=\"async\" width=\"683\" height=\"600\" src=\"http:\/\/acomptaouverte.com\/wp-content\/uploads\/2026\/01\/Image_Placeholder-about.jpeg\" class=\"elementor-animation-grow attachment-full size-full wp-image-35\" alt=\"\" srcset=\"https:\/\/acomptaouverte.com\/wp-content\/uploads\/2026\/01\/Image_Placeholder-about.jpeg 683w, https:\/\/acomptaouverte.com\/wp-content\/uploads\/2026\/01\/Image_Placeholder-about-300x264.jpeg 300w\" sizes=\"(max-width: 683px) 100vw, 683px\" \/><\/a><\/figure><div class=\"elementor-image-box-content\"><h4 class=\"elementor-image-box-title\"><a href=\"#\">MEMOIRES <\/a><\/h4><p class=\"elementor-image-box-description\">Nous accompagnons \u00e9galement \u00e0 r\u00e9diger, finaliser, relire vos m\u00e9moires <\/p><\/div><\/div>\t\t\t\t<\/div>\n\t\t<div class=\"elementor-element elementor-element-9729a71 e-con-full e-flex e-con e-child\" data-id=\"9729a71\" data-element_type=\"container\">\n\t\t\t\t<div class=\"elementor-element elementor-element-4fa86b3 elementor-widget elementor-widget-button\" data-id=\"4fa86b3\" data-element_type=\"widget\" data-widget_type=\"button.default\">\n\t\t\t\t\t\t\t\t\t\t<a class=\"elementor-button elementor-button-link elementor-size-sm\" href=\"#\">\n\t\t\t\t\t\t<span class=\"elementor-button-content-wrapper\">\n\t\t\t\t\t\t\t\t\t<span class=\"elementor-button-text\">Click here<\/span>\n\t\t\t\t\t<\/span>\n\t\t\t\t\t<\/a>\n\t\t\t\t\t\t\t\t<\/div>\n\t\t\t\t<\/div>\n\t\t\t\t<\/div>\n\t\t<div class=\"elementor-element elementor-element-44c4b55b e-con-full e-flex e-con e-child\" data-id=\"44c4b55b\" data-element_type=\"container\">\n\t\t\t\t<div class=\"elementor-element elementor-element-35210f3b elementor-position-top elementor-widget elementor-widget-image-box\" data-id=\"35210f3b\" data-element_type=\"widget\" data-widget_type=\"image-box.default\">\n\t\t\t\t\t<div class=\"elementor-image-box-wrapper\"><figure class=\"elementor-image-box-img\"><a href=\"#\" tabindex=\"-1\"><img fetchpriority=\"high\" decoding=\"async\" width=\"683\" height=\"600\" src=\"http:\/\/acomptaouverte.com\/wp-content\/uploads\/2026\/01\/Image_Placeholder-about.jpeg\" class=\"elementor-animation-grow attachment-full size-full wp-image-35\" alt=\"\" srcset=\"https:\/\/acomptaouverte.com\/wp-content\/uploads\/2026\/01\/Image_Placeholder-about.jpeg 683w, https:\/\/acomptaouverte.com\/wp-content\/uploads\/2026\/01\/Image_Placeholder-about-300x264.jpeg 300w\" sizes=\"(max-width: 683px) 100vw, 683px\" \/><\/a><\/figure><div class=\"elementor-image-box-content\"><h4 class=\"elementor-image-box-title\"><a href=\"#\">Bilan - Compte de R\u00e9sultat - Annexes<\/a><\/h4><p class=\"elementor-image-box-description\">Ce service vise \u00e0 am\u00e9liorer la lisibilit\u00e9 de vos r\u00e9sultats et vous aider \u00e0 \u00e9tablir vos reporting comptable et financier <\/p><\/div><\/div>\t\t\t\t<\/div>\n\t\t<div class=\"elementor-element elementor-element-b93380d e-con-full e-flex e-con e-child\" data-id=\"b93380d\" data-element_type=\"container\">\n\t\t\t\t<div class=\"elementor-element elementor-element-e31eb43 elementor-widget elementor-widget-button\" data-id=\"e31eb43\" data-element_type=\"widget\" data-widget_type=\"button.default\">\n\t\t\t\t\t\t\t\t\t\t<a class=\"elementor-button elementor-button-link elementor-size-sm\" href=\"#\">\n\t\t\t\t\t\t<span class=\"elementor-button-content-wrapper\">\n\t\t\t\t\t\t\t\t\t<span class=\"elementor-button-text\">Click here<\/span>\n\t\t\t\t\t<\/span>\n\t\t\t\t\t<\/a>\n\t\t\t\t\t\t\t\t<\/div>\n\t\t\t\t<\/div>\n\t\t\t\t<\/div>\n\t\t\t\t<\/div>\n\t\t\t\t<\/div>\n\t\t<div class=\"elementor-element elementor-element-39f74e6a e-con-full e-flex e-con e-parent\" data-id=\"39f74e6a\" data-element_type=\"container\" data-settings=\"{&quot;background_background&quot;:&quot;classic&quot;}\">\n\t\t\t\t<div class=\"elementor-element elementor-element-3138c12e elementor-widget elementor-widget-heading\" data-id=\"3138c12e\" data-element_type=\"widget\" data-widget_type=\"heading.default\">\n\t\t\t\t\t<h3 class=\"elementor-heading-title elementor-size-default\">Why Choose Us<\/h3>\t\t\t\t<\/div>\n\t\t<div class=\"elementor-element elementor-element-112b47b1 e-con-full e-flex e-con e-child\" data-id=\"112b47b1\" data-element_type=\"container\">\n\t\t\t\t<div class=\"elementor-element elementor-element-e492e04 elementor-widget elementor-widget-text-editor\" data-id=\"e492e04\" data-element_type=\"widget\" data-widget_type=\"text-editor.default\">\n\t\t\t\t\t\t\t\t\t<p>Vous devez nous choisir pour la proximit\u00e9, la personnalisation et le temps n\u00e9cessaire pour obtenir votre bussines plan, m\u00e9moires, rapport de stage, Bilan &#8211; Compte de R\u00e9sultat et Annexes.<\/p><p>Vous serez satisfaits,\u00a0 nous prenons du temps afin que le rendu soit \u00e0 la hauteur de vos attentes !!!<\/p>\t\t\t\t\t\t\t\t<\/div>\n\t\t\t\t<\/div>\n\t\t\t\t<\/div>\n\t\t<div class=\"elementor-element elementor-element-4f57bc08 e-con-full e-flex e-con e-parent\" data-id=\"4f57bc08\" data-element_type=\"container\">\n\t\t\t\t<div class=\"elementor-element elementor-element-5bc9b31a elementor-widget elementor-widget-heading\" data-id=\"5bc9b31a\" data-element_type=\"widget\" data-widget_type=\"heading.default\">\n\t\t\t\t\t<h3 class=\"elementor-heading-title elementor-size-default\">Client Testimonials<\/h3>\t\t\t\t<\/div>\n\t\t<div class=\"elementor-element elementor-element-417f47b6 e-con-full e-flex e-con e-child\" data-id=\"417f47b6\" data-element_type=\"container\">\n\t\t<div class=\"elementor-element elementor-element-39f88b5b e-con-full e-flex e-con e-child\" data-id=\"39f88b5b\" data-element_type=\"container\">\n\t\t\t\t<div class=\"elementor-element elementor-element-6199c5ec elementor-widget elementor-widget-testimonial\" data-id=\"6199c5ec\" data-element_type=\"widget\" data-widget_type=\"testimonial.default\">\n\t\t\t\t\t\t\t<div class=\"elementor-testimonial-wrapper\">\n\t\t\t\t\t\t\t<div class=\"elementor-testimonial-content\">\u201cA testimonial from a client who benefited from your product or service. Testimonials can be a highly effective way of establishing credibility and increasing your company's reputation.\u201d<\/div>\n\t\t\t\n\t\t\t\t\t\t<div class=\"elementor-testimonial-meta elementor-has-image elementor-testimonial-image-position-aside\">\n\t\t\t\t<div class=\"elementor-testimonial-meta-inner\">\n\t\t\t\t\t\t\t\t\t\t\t<div class=\"elementor-testimonial-image\">\n\t\t\t\t\t\t\t<img decoding=\"async\" width=\"63\" height=\"63\" src=\"http:\/\/acomptaouverte.com\/wp-content\/uploads\/2026\/01\/Image-Testemonials.jpeg\" class=\"attachment-full size-full wp-image-36\" alt=\"\" \/>\t\t\t\t\t\t<\/div>\n\t\t\t\t\t\n\t\t\t\t\t\t\t\t\t\t<div class=\"elementor-testimonial-details\">\n\t\t\t\t\t\t\t\t\t\t\t\t\t\t<div class=\"elementor-testimonial-name\">Client Name<\/div>\n\t\t\t\t\t\t\t\t\t\t\t\t\t\t\t\t\t\t\t<\/div>\n\t\t\t\t\t\t\t\t\t<\/div>\n\t\t\t<\/div>\n\t\t\t\t\t<\/div>\n\t\t\t\t\t\t<\/div>\n\t\t\t\t<\/div>\n\t\t<div class=\"elementor-element elementor-element-434b8649 e-con-full e-flex e-con e-child\" data-id=\"434b8649\" data-element_type=\"container\">\n\t\t\t\t<div class=\"elementor-element elementor-element-4907cb35 elementor-widget elementor-widget-testimonial\" data-id=\"4907cb35\" data-element_type=\"widget\" data-widget_type=\"testimonial.default\">\n\t\t\t\t\t\t\t<div class=\"elementor-testimonial-wrapper\">\n\t\t\t\t\t\t\t<div class=\"elementor-testimonial-content\">\u201cA testimonial from a client who benefited from your product or service. Testimonials can be a highly effective way of establishing credibility and increasing your company's reputation.\u201d<\/div>\n\t\t\t\n\t\t\t\t\t\t<div class=\"elementor-testimonial-meta elementor-has-image elementor-testimonial-image-position-aside\">\n\t\t\t\t<div class=\"elementor-testimonial-meta-inner\">\n\t\t\t\t\t\t\t\t\t\t\t<div class=\"elementor-testimonial-image\">\n\t\t\t\t\t\t\t<img decoding=\"async\" width=\"63\" height=\"63\" src=\"http:\/\/acomptaouverte.com\/wp-content\/uploads\/2026\/01\/Image-Testemonials.jpeg\" class=\"attachment-full size-full wp-image-36\" alt=\"\" \/>\t\t\t\t\t\t<\/div>\n\t\t\t\t\t\n\t\t\t\t\t\t\t\t\t\t<div class=\"elementor-testimonial-details\">\n\t\t\t\t\t\t\t\t\t\t\t\t\t\t<div class=\"elementor-testimonial-name\">Client Name<\/div>\n\t\t\t\t\t\t\t\t\t\t\t\t\t\t\t\t\t\t\t<\/div>\n\t\t\t\t\t\t\t\t\t<\/div>\n\t\t\t<\/div>\n\t\t\t\t\t<\/div>\n\t\t\t\t\t\t<\/div>\n\t\t\t\t<\/div>\n\t\t<div class=\"elementor-element elementor-element-3deca0c7 e-con-full e-flex e-con e-child\" data-id=\"3deca0c7\" data-element_type=\"container\">\n\t\t\t\t<div class=\"elementor-element elementor-element-7be72ec5 elementor-widget elementor-widget-testimonial\" data-id=\"7be72ec5\" data-element_type=\"widget\" data-widget_type=\"testimonial.default\">\n\t\t\t\t\t\t\t<div class=\"elementor-testimonial-wrapper\">\n\t\t\t\t\t\t\t<div class=\"elementor-testimonial-content\">\u201cA testimonial from a client who benefited from your product or service. Testimonials can be a highly effective way of establishing credibility and increasing your company's reputation.\u201d<\/div>\n\t\t\t\n\t\t\t\t\t\t<div class=\"elementor-testimonial-meta elementor-has-image elementor-testimonial-image-position-aside\">\n\t\t\t\t<div class=\"elementor-testimonial-meta-inner\">\n\t\t\t\t\t\t\t\t\t\t\t<div class=\"elementor-testimonial-image\">\n\t\t\t\t\t\t\t<img decoding=\"async\" width=\"63\" height=\"63\" src=\"http:\/\/acomptaouverte.com\/wp-content\/uploads\/2026\/01\/Image-Testemonials.jpeg\" class=\"attachment-full size-full wp-image-36\" alt=\"\" \/>\t\t\t\t\t\t<\/div>\n\t\t\t\t\t\n\t\t\t\t\t\t\t\t\t\t<div class=\"elementor-testimonial-details\">\n\t\t\t\t\t\t\t\t\t\t\t\t\t\t<div class=\"elementor-testimonial-name\">Client Name<\/div>\n\t\t\t\t\t\t\t\t\t\t\t\t\t\t\t\t\t\t\t<\/div>\n\t\t\t\t\t\t\t\t\t<\/div>\n\t\t\t<\/div>\n\t\t\t\t\t<\/div>\n\t\t\t\t\t\t<\/div>\n\t\t\t\t<\/div>\n\t\t\t\t<\/div>\n\t\t\t\t<\/div>\n\t\t<div class=\"elementor-element elementor-element-11d8a161 e-flex e-con-boxed e-con e-parent\" data-id=\"11d8a161\" data-element_type=\"container\">\n\t\t\t\t\t<div class=\"e-con-inner\">\n\t\t\t\t<div class=\"elementor-element elementor-element-6f1d89a6 elementor-widget elementor-widget-heading\" data-id=\"6f1d89a6\" data-element_type=\"widget\" data-widget_type=\"heading.default\">\n\t\t\t\t\t<h3 class=\"elementor-heading-title elementor-size-default\">Fini le syndr\u00f4me de la page blanche !<\/h3>\t\t\t\t<\/div>\n\t\t\t\t\t<\/div>\n\t\t\t\t<\/div>\n\t\t<footer class=\"elementor-element elementor-element-6456ff07 e-con-full e-flex e-con e-parent\" data-id=\"6456ff07\" data-element_type=\"container\">\n\t\t<div class=\"elementor-element elementor-element-638abb32 e-con-full e-flex e-con e-child\" data-id=\"638abb32\" data-element_type=\"container\">\n\t\t\t\t<div class=\"elementor-element elementor-element-68dc2de e-grid-align-tablet-right e-grid-align-mobile-center elementor-widget-mobile__width-inherit elementor-shape-rounded elementor-grid-0 e-grid-align-center elementor-widget elementor-widget-social-icons\" data-id=\"68dc2de\" data-element_type=\"widget\" data-widget_type=\"social-icons.default\">\n\t\t\t\t\t\t\t<div class=\"elementor-social-icons-wrapper elementor-grid\">\n\t\t\t\t\t\t\t<span class=\"elementor-grid-item\">\n\t\t\t\t\t<a class=\"elementor-icon elementor-social-icon elementor-social-icon-instagram elementor-repeater-item-1584659\" href=\"https:\/\/www.instagram.com\/acomptaouverte\/\" target=\"_blank\">\n\t\t\t\t\t\t<span class=\"elementor-screen-only\">Instagram<\/span>\n\t\t\t\t\t\t<svg aria-hidden=\"true\" class=\"e-font-icon-svg e-fab-instagram\" viewBox=\"0 0 448 512\" xmlns=\"http:\/\/www.w3.org\/2000\/svg\"><path d=\"M224.1 141c-63.6 0-114.9 51.3-114.9 114.9s51.3 114.9 114.9 114.9S339 319.5 339 255.9 287.7 141 224.1 141zm0 189.6c-41.1 0-74.7-33.5-74.7-74.7s33.5-74.7 74.7-74.7 74.7 33.5 74.7 74.7-33.6 74.7-74.7 74.7zm146.4-194.3c0 14.9-12 26.8-26.8 26.8-14.9 0-26.8-12-26.8-26.8s12-26.8 26.8-26.8 26.8 12 26.8 26.8zm76.1 27.2c-1.7-35.9-9.9-67.7-36.2-93.9-26.2-26.2-58-34.4-93.9-36.2-37-2.1-147.9-2.1-184.9 0-35.8 1.7-67.6 9.9-93.9 36.1s-34.4 58-36.2 93.9c-2.1 37-2.1 147.9 0 184.9 1.7 35.9 9.9 67.7 36.2 93.9s58 34.4 93.9 36.2c37 2.1 147.9 2.1 184.9 0 35.9-1.7 67.7-9.9 93.9-36.2 26.2-26.2 34.4-58 36.2-93.9 2.1-37 2.1-147.8 0-184.8zM398.8 388c-7.8 19.6-22.9 34.7-42.6 42.6-29.5 11.7-99.5 9-132.1 9s-102.7 2.6-132.1-9c-19.6-7.8-34.7-22.9-42.6-42.6-11.7-29.5-9-99.5-9-132.1s-2.6-102.7 9-132.1c7.8-19.6 22.9-34.7 42.6-42.6 29.5-11.7 99.5-9 132.1-9s102.7-2.6 132.1 9c19.6 7.8 34.7 22.9 42.6 42.6 11.7 29.5 9 99.5 9 132.1s2.7 102.7-9 132.1z\"><\/path><\/svg>\t\t\t\t\t<\/a>\n\t\t\t\t<\/span>\n\t\t\t\t\t<\/div>\n\t\t\t\t\t\t<\/div>\n\t\t\t\t<\/div>\n\t\t\t\t<\/footer>\n\t\t<div class=\"elementor-element elementor-element-cd543be e-flex e-con-boxed e-con e-parent\" data-id=\"cd543be\" data-element_type=\"container\">\n\t\t\t\t\t<div class=\"e-con-inner\">\n\t\t\t\t<div class=\"elementor-element elementor-element-b2a8cf6 elementor-widget elementor-widget-heading\" data-id=\"b2a8cf6\" data-element_type=\"widget\" data-widget_type=\"heading.default\">\n\t\t\t\t\t<h2 class=\"elementor-heading-title elementor-size-default\">Add Your Heading Text Here<\/h2>\t\t\t\t<\/div>\n\t\t\t\t\t<\/div>\n\t\t\t\t<\/div>\n\t\t\t\t<\/div>\n\t\t","protected":false},"excerpt":{"rendered":"<p>Nos Service BUSSINES PLAN Nous vous accompagnons \u00e0 \u00e9tablir vos bussiness plan Click here RAPPORT DE STAGE Ce service vous aider \u00e0 rassembler vos donn\u00e9s et \u00e0 structurer votre rapport de stage Click here MEMOIRES Nous accompagnons \u00e9galement \u00e0 r\u00e9diger, finaliser, relire vos m\u00e9moires Click here Bilan &#8211; Compte de R\u00e9sultat &#8211; Annexes Ce service [&hellip;]<\/p>\n","protected":false},"author":1,"featured_media":0,"parent":0,"menu_order":0,"comment_status":"closed","ping_status":"closed","template":"","meta":{"footnotes":""},"class_list":["post-31","page","type-page","status-publish","hentry"],"_links":{"self":[{"href":"https:\/\/acomptaouverte.com\/index.php\/wp-json\/wp\/v2\/pages\/31","targetHints":{"allow":["GET"]}}],"collection":[{"href":"https:\/\/acomptaouverte.com\/index.php\/wp-json\/wp\/v2\/pages"}],"about":[{"href":"https:\/\/acomptaouverte.com\/index.php\/wp-json\/wp\/v2\/types\/page"}],"author":[{"embeddable":true,"href":"https:\/\/acomptaouverte.com\/index.php\/wp-json\/wp\/v2\/users\/1"}],"replies":[{"embeddable":true,"href":"https:\/\/acomptaouverte.com\/index.php\/wp-json\/wp\/v2\/comments?post=31"}],"version-history":[{"count":14,"href":"https:\/\/acomptaouverte.com\/index.php\/wp-json\/wp\/v2\/pages\/31\/revisions"}],"predecessor-version":[{"id":55,"href":"https:\/\/acomptaouverte.com\/index.php\/wp-json\/wp\/v2\/pages\/31\/revisions\/55"}],"wp:attachment":[{"href":"https:\/\/acomptaouverte.com\/index.php\/wp-json\/wp\/v2\/media?parent=31"}],"curies":[{"name":"wp","href":"https:\/\/api.w.org\/{rel}","templated":true}]}}